{"id":4956,"date":"2023-11-13T13:54:37","date_gmt":"2023-11-13T13:54:37","guid":{"rendered":"https:\/\/dropzone.alfabeet.ee\/muugitingimused\/"},"modified":"2023-11-22T12:37:31","modified_gmt":"2023-11-22T12:37:31","slug":"muugitingimused","status":"publish","type":"page","link":"https:\/\/dropzonerecordings.ee\/en\/muugitingimused\/","title":{"rendered":"M\u00fc\u00fcgitingimused"},"content":{"rendered":"<header>\n<h1 class=\"sub-page-title\">M\u00fc\u00fcgitingimused &#8211; Dropzone Recordings<\/h1>\n<\/header>\n<div class=\"sub-page-body\">\n<h2>Teie Ostukogemus Meiega<\/h2>\n<p>Tere tulemast Dropzone Recordings&#8217;i veebipoodi ja ait\u00e4h, et olete valinud meid oma muusikavajaduste rahuldamiseks. Palume teil enne ostu sooritamist lugeda l\u00e4bi meie m\u00fc\u00fcgitingimused ja veenduda, et olete nendega n\u00f5us.<\/p>\n<h2>1. Tellimine<\/h2>\n<p>1.1 Tellimuse esitamisega kinnitate, et olete v\u00e4hemalt 18-aastane v\u00f5i omate seaduslikku ostuv\u00f5imet.<\/p>\n<p>1.2 Valige hoolikalt tooted, mida soovite osta, ja lisage need ostukorvi.<\/p>\n<p>1.3 Tellimuse esitamisel esitage t\u00e4ielik ja \u00f5ige teave, sealhulgas nimi, aadress, e-posti aadress ja makseandmed.<\/p>\n<h2>2. Makse<\/h2>\n<p>2.1 Me aktsepteerime erinevaid makseviise, sealhulgas krediitkaardid ja pangalingid. Makseviisid on n\u00e4htavad tellimuse vormistamise lehel.<\/p>\n<p>2.2 Tellimuse eest tasumine toimub turvaliste makselahenduste kaudu.<\/p>\n<p>2.3 K\u00f5ik hinnad on eurodes (EUR) ja sisaldavad k\u00e4ibemaksu.<\/p>\n<h2>3. Tarneaeg<\/h2>\n<p>3.1 Tellitud toodete tarneaeg v\u00f5ib varieeruda s\u00f5ltuvalt teie asukohast ja valitud tarneviisist. K\u00f5ige t\u00e4psemad tarneajad leiate tellimuse vormistamise lehelt.<\/p>\n<p>3.2 Juhul kui toode on laost otsa saanud v\u00f5i esineb muid tarneraskusi, teavitame teid viivitamata ja pakume v\u00f5imalikke lahendusi.<\/p>\n<h2>4. Tagastus ja Tagasimakse<\/h2>\n<p>4.1 Kui toode ei vasta teie ootustele v\u00f5i on saabunud vigastatult, v\u00f5tke meiega \u00fchendust tagastamise ja tagasimakse korraldamiseks.<\/p>\n<p>4.2 Teil on \u00f5igus tagastada toode 14 p\u00e4eva jooksul alates selle k\u00e4ttesaamisest, juhul kui see ei ole kasutatud v\u00f5i kahjustamata.<\/p>\n<p>4.3 Tagastamise ja tagasimakse tingimused ning juhised on saadaval meie veebilehel.<\/p>\n<h2>5. Isikuandmete Kaitse<\/h2>\n<p>5.1 Teie isikuandmete kaitse on meie jaoks oluline. Lugege meie privaatsuspoliitikat, et saada teavet selle kohta, kuidas me teie andmeid kasutame ja kaitseme.<\/p>\n<h2>6. Kontakt<\/h2>\n<p>6.1 Kui teil on k\u00fcsimusi v\u00f5i vajate abi, v\u00f5tke meiega \u00fchendust meie kontaktandmete kaudu, mis on k\u00e4ttesaadavad meie veebilehel.<\/p>\n<h2>7. Tingimuste Muutmine<\/h2>\n<p>7.1 J\u00e4tame endale \u00f5iguse muuta m\u00fc\u00fcgitingimusi vajaduse korral. Uusimad tingimused on alati k\u00e4ttesaadavad meie veebilehel.<\/p>\n<\/div>\n","protected":false},"excerpt":{"rendered":"<p>M\u00fc\u00fcgitingimused &#8211; Dropzone Recordings Teie Ostukogemus Meiega Tere tulemast Dropzone Recordings&#8217;i veebipoodi ja ait\u00e4h, et olete valinud meid oma muusikavajaduste rahuldamiseks. Palume teil enne ostu sooritamist lugeda l\u00e4bi meie m\u00fc\u00fcgitingimused [&hellip;]<\/p>\n","protected":false},"author":1,"featured_media":0,"parent":0,"menu_order":0,"comment_status":"closed","ping_status":"closed","template":"","meta":{"inline_featured_image":false,"footnotes":""},"class_list":["post-4956","page","type-page","status-publish","hentry"],"yoast_head":"<!-- This site is optimized with the Yoast SEO plugin v26.2 - https:\/\/yoast.com\/wordpress\/plugins\/seo\/ -->\n<title>M\u00fc\u00fcgitingimused - DropZone Recordings<\/title>\n<meta name=\"robots\" content=\"noindex, follow\" \/>\n<meta property=\"og:locale\" content=\"en_US\" \/>\n<meta property=\"og:type\" content=\"article\" \/>\n<meta property=\"og:title\" content=\"M\u00fc\u00fcgitingimused - DropZone Recordings\" \/>\n<meta property=\"og:description\" content=\"M\u00fc\u00fcgitingimused &#8211; Dropzone Recordings Teie Ostukogemus Meiega Tere tulemast Dropzone Recordings&#8217;i veebipoodi ja ait\u00e4h, et olete valinud meid oma muusikavajaduste rahuldamiseks. Palume teil enne ostu sooritamist lugeda l\u00e4bi meie m\u00fc\u00fcgitingimused [&hellip;]\" \/>\n<meta property=\"og:url\" content=\"https:\/\/dropzonerecordings.ee\/muugitingimused\/\" \/>\n<meta property=\"og:site_name\" content=\"DropZone Recordings\" \/>\n<meta property=\"article:publisher\" content=\"https:\/\/dropzonerecordings.ee\/\" \/>\n<meta property=\"article:modified_time\" content=\"2023-11-22T12:37:31+00:00\" \/>\n<meta name=\"twitter:card\" content=\"summary_large_image\" \/>\n<meta name=\"twitter:label1\" content=\"Est. reading time\" \/>\n\t<meta name=\"twitter:data1\" content=\"2 minutes\" \/>\n<script type=\"application\/ld+json\" class=\"yoast-schema-graph\">{\"@context\":\"https:\/\/schema.org\",\"@graph\":[{\"@type\":\"WebPage\",\"@id\":\"https:\/\/dropzonerecordings.ee\/muugitingimused\/\",\"url\":\"https:\/\/dropzonerecordings.ee\/muugitingimused\/\",\"name\":\"M\u00fc\u00fcgitingimused - DropZone Recordings\",\"isPartOf\":{\"@id\":\"https:\/\/dropzonerecordings.ee\/#website\"},\"datePublished\":\"2023-11-13T13:54:37+00:00\",\"dateModified\":\"2023-11-22T12:37:31+00:00\",\"breadcrumb\":{\"@id\":\"https:\/\/dropzonerecordings.ee\/muugitingimused\/#breadcrumb\"},\"inLanguage\":\"en-US\",\"potentialAction\":[{\"@type\":\"ReadAction\",\"target\":[\"https:\/\/dropzonerecordings.ee\/muugitingimused\/\"]}]},{\"@type\":\"BreadcrumbList\",\"@id\":\"https:\/\/dropzonerecordings.ee\/muugitingimused\/#breadcrumb\",\"itemListElement\":[{\"@type\":\"ListItem\",\"position\":1,\"name\":\"Home\",\"item\":\"https:\/\/dropzonerecordings.ee\/en\/\"},{\"@type\":\"ListItem\",\"position\":2,\"name\":\"M\u00fc\u00fcgitingimused\"}]},{\"@type\":\"WebSite\",\"@id\":\"https:\/\/dropzonerecordings.ee\/#website\",\"url\":\"https:\/\/dropzonerecordings.ee\/\",\"name\":\"DropZone Recordings\",\"description\":\"From underground raves to massive festivals, we&#039;ve got our finger on the pulse of the DnB scene\",\"publisher\":{\"@id\":\"https:\/\/dropzonerecordings.ee\/#organization\"},\"potentialAction\":[{\"@type\":\"SearchAction\",\"target\":{\"@type\":\"EntryPoint\",\"urlTemplate\":\"https:\/\/dropzonerecordings.ee\/?s={search_term_string}\"},\"query-input\":{\"@type\":\"PropertyValueSpecification\",\"valueRequired\":true,\"valueName\":\"search_term_string\"}}],\"inLanguage\":\"en-US\"},{\"@type\":\"Organization\",\"@id\":\"https:\/\/dropzonerecordings.ee\/#organization\",\"name\":\"DropZone Recordings\",\"url\":\"https:\/\/dropzonerecordings.ee\/\",\"logo\":{\"@type\":\"ImageObject\",\"inLanguage\":\"en-US\",\"@id\":\"https:\/\/dropzonerecordings.ee\/#\/schema\/logo\/image\/\",\"url\":\"https:\/\/dropzonerecordings.ee\/wp-content\/uploads\/2023\/10\/Dropzone-logo-alt.png\",\"contentUrl\":\"https:\/\/dropzonerecordings.ee\/wp-content\/uploads\/2023\/10\/Dropzone-logo-alt.png\",\"width\":522,\"height\":237,\"caption\":\"DropZone Recordings\"},\"image\":{\"@id\":\"https:\/\/dropzonerecordings.ee\/#\/schema\/logo\/image\/\"},\"sameAs\":[\"https:\/\/dropzonerecordings.ee\/\"]}]}<\/script>\n<!-- \/ Yoast SEO plugin. -->","yoast_head_json":{"title":"M\u00fc\u00fcgitingimused - DropZone Recordings","robots":{"index":"noindex","follow":"follow"},"og_locale":"en_US","og_type":"article","og_title":"M\u00fc\u00fcgitingimused - DropZone Recordings","og_description":"M\u00fc\u00fcgitingimused &#8211; Dropzone Recordings Teie Ostukogemus Meiega Tere tulemast Dropzone Recordings&#8217;i veebipoodi ja ait\u00e4h, et olete valinud meid oma muusikavajaduste rahuldamiseks. Palume teil enne ostu sooritamist lugeda l\u00e4bi meie m\u00fc\u00fcgitingimused [&hellip;]","og_url":"https:\/\/dropzonerecordings.ee\/muugitingimused\/","og_site_name":"DropZone Recordings","article_publisher":"https:\/\/dropzonerecordings.ee\/","article_modified_time":"2023-11-22T12:37:31+00:00","twitter_card":"summary_large_image","twitter_misc":{"Est. reading time":"2 minutes"},"schema":{"@context":"https:\/\/schema.org","@graph":[{"@type":"WebPage","@id":"https:\/\/dropzonerecordings.ee\/muugitingimused\/","url":"https:\/\/dropzonerecordings.ee\/muugitingimused\/","name":"M\u00fc\u00fcgitingimused - DropZone Recordings","isPartOf":{"@id":"https:\/\/dropzonerecordings.ee\/#website"},"datePublished":"2023-11-13T13:54:37+00:00","dateModified":"2023-11-22T12:37:31+00:00","breadcrumb":{"@id":"https:\/\/dropzonerecordings.ee\/muugitingimused\/#breadcrumb"},"inLanguage":"en-US","potentialAction":[{"@type":"ReadAction","target":["https:\/\/dropzonerecordings.ee\/muugitingimused\/"]}]},{"@type":"BreadcrumbList","@id":"https:\/\/dropzonerecordings.ee\/muugitingimused\/#breadcrumb","itemListElement":[{"@type":"ListItem","position":1,"name":"Home","item":"https:\/\/dropzonerecordings.ee\/en\/"},{"@type":"ListItem","position":2,"name":"M\u00fc\u00fcgitingimused"}]},{"@type":"WebSite","@id":"https:\/\/dropzonerecordings.ee\/#website","url":"https:\/\/dropzonerecordings.ee\/","name":"DropZone Recordings","description":"From underground raves to massive festivals, we&#039;ve got our finger on the pulse of the DnB scene","publisher":{"@id":"https:\/\/dropzonerecordings.ee\/#organization"},"potentialAction":[{"@type":"SearchAction","target":{"@type":"EntryPoint","urlTemplate":"https:\/\/dropzonerecordings.ee\/?s={search_term_string}"},"query-input":{"@type":"PropertyValueSpecification","valueRequired":true,"valueName":"search_term_string"}}],"inLanguage":"en-US"},{"@type":"Organization","@id":"https:\/\/dropzonerecordings.ee\/#organization","name":"DropZone Recordings","url":"https:\/\/dropzonerecordings.ee\/","logo":{"@type":"ImageObject","inLanguage":"en-US","@id":"https:\/\/dropzonerecordings.ee\/#\/schema\/logo\/image\/","url":"https:\/\/dropzonerecordings.ee\/wp-content\/uploads\/2023\/10\/Dropzone-logo-alt.png","contentUrl":"https:\/\/dropzonerecordings.ee\/wp-content\/uploads\/2023\/10\/Dropzone-logo-alt.png","width":522,"height":237,"caption":"DropZone Recordings"},"image":{"@id":"https:\/\/dropzonerecordings.ee\/#\/schema\/logo\/image\/"},"sameAs":["https:\/\/dropzonerecordings.ee\/"]}]}},"_links":{"self":[{"href":"https:\/\/dropzonerecordings.ee\/en\/wp-json\/wp\/v2\/pages\/4956","targetHints":{"allow":["GET"]}}],"collection":[{"href":"https:\/\/dropzonerecordings.ee\/en\/wp-json\/wp\/v2\/pages"}],"about":[{"href":"https:\/\/dropzonerecordings.ee\/en\/wp-json\/wp\/v2\/types\/page"}],"author":[{"embeddable":true,"href":"https:\/\/dropzonerecordings.ee\/en\/wp-json\/wp\/v2\/users\/1"}],"replies":[{"embeddable":true,"href":"https:\/\/dropzonerecordings.ee\/en\/wp-json\/wp\/v2\/comments?post=4956"}],"version-history":[{"count":0,"href":"https:\/\/dropzonerecordings.ee\/en\/wp-json\/wp\/v2\/pages\/4956\/revisions"}],"wp:attachment":[{"href":"https:\/\/dropzonerecordings.ee\/en\/wp-json\/wp\/v2\/media?parent=4956"}],"curies":[{"name":"wp","href":"https:\/\/api.w.org\/{rel}","templated":true}]}}