{"id":3500,"date":"2023-10-11T09:19:41","date_gmt":"2023-10-11T09:19:41","guid":{"rendered":"https:\/\/dropzone.alfabeet.ee\/?page_id=3500"},"modified":"2023-11-22T12:36:34","modified_gmt":"2023-11-22T12:36:34","slug":"privaatsuspoliitika","status":"publish","type":"page","link":"https:\/\/dropzonerecordings.ee\/en\/privaatsuspoliitika\/","title":{"rendered":"Privaatsuspoliitika"},"content":{"rendered":"<header>\n<h1 class=\"sub-page-title\">Privaatsuspoliitika &#8211; Dropzone Recordings<\/h1>\n<\/header>\n<div class=\"sub-page-body\">\n<h2>Teie Privaatsus on Meie Esmatasandiline Mure<\/h2>\n<p>Me hoolitseme teie privaatsuse eest ja kogume ja t\u00f6\u00f6tleme isiklikke andmeid ainult vastavalt meie privaatsuspoliitikale.<\/p>\n<h2>Millist Teavet Me Kogume?<\/h2>\n<p>Me v\u00f5ime koguda j\u00e4rgmist t\u00fc\u00fcpi teavet:<\/p>\n<ul>\n<li>Isiklikud andmed, nagu teie nimi, e-posti aadress ja telefoninumber.<\/li>\n<li>Teie veebilehitseja ja seadme teave.<\/li>\n<li>Kasutusandmed, mis h\u00f5lmavad teie k\u00fclastusi ja teie suhtlust meie veebilehel.<\/li>\n<\/ul>\n<h2>Kuidas Me Teie Andmeid Kasutame?<\/h2>\n<p>Me kasutame teie isiklikke andmeid ainult j\u00e4rgmistel eesm\u00e4rkidel:<\/p>\n<ul>\n<li>Teiega \u00fchenduse v\u00f5tmine ja teie p\u00e4ringutele vastamine.<\/li>\n<li>Veebilehe statistika anal\u00fc\u00fcsimine ja parendamine.<\/li>\n<li>Teavitamine uutest toodetest ja eripakkumistest (kui olete selleks n\u00f5usoleku andnud).<\/li>\n<\/ul>\n<h2>Teie \u00d5igused<\/h2>\n<p>Teil on \u00f5igus:<\/p>\n<ul>\n<li>K\u00fcsida teavet selle kohta, milliseid isiklikke andmeid me teie kohta s\u00e4ilitame.<\/li>\n<li>N\u00f5uda ebat\u00e4psete andmete parandamist.<\/li>\n<li>N\u00f5uda oma andmete kustutamist (tingimustel, mis on s\u00e4testatud meie poliitikas).<\/li>\n<\/ul>\n<h2>E-pood<\/h2>\n<p>Kui k\u00fclastate meie e-poodi, kehtivad lisaks sellele privaatsuspoliitikale ka meie e-poe kasutustingimused. Palun lugege neid tingimusi hoolikalt, et m\u00f5ista, kuidas meie e-poodi kasutatakse.<\/p>\n<\/div>\n","protected":false},"excerpt":{"rendered":"<p>Privaatsuspoliitika &#8211; Dropzone Recordings Teie Privaatsus on Meie Esmatasandiline Mure Me hoolitseme teie privaatsuse eest ja kogume ja t\u00f6\u00f6tleme isiklikke andmeid ainult vastavalt meie privaatsuspoliitikale. Millist Teavet Me Kogume? Me [&hellip;]<\/p>\n","protected":false},"author":1,"featured_media":0,"parent":0,"menu_order":0,"comment_status":"closed","ping_status":"closed","template":"","meta":{"inline_featured_image":false,"footnotes":""},"class_list":["post-3500","page","type-page","status-publish","hentry"],"yoast_head":"<!-- This site is optimized with the Yoast SEO plugin v26.2 - https:\/\/yoast.com\/wordpress\/plugins\/seo\/ -->\n<title>Privaatsuspoliitika - DropZone Recordings<\/title>\n<meta name=\"robots\" content=\"noindex, follow\" \/>\n<meta property=\"og:locale\" content=\"en_US\" \/>\n<meta property=\"og:type\" content=\"article\" \/>\n<meta property=\"og:title\" content=\"Privaatsuspoliitika - DropZone Recordings\" \/>\n<meta property=\"og:description\" content=\"Privaatsuspoliitika &#8211; Dropzone Recordings Teie Privaatsus on Meie Esmatasandiline Mure Me hoolitseme teie privaatsuse eest ja kogume ja t\u00f6\u00f6tleme isiklikke andmeid ainult vastavalt meie privaatsuspoliitikale. Millist Teavet Me Kogume? Me [&hellip;]\" \/>\n<meta property=\"og:url\" content=\"https:\/\/dropzonerecordings.ee\/privaatsuspoliitika\/\" \/>\n<meta property=\"og:site_name\" content=\"DropZone Recordings\" \/>\n<meta property=\"article:publisher\" content=\"https:\/\/dropzonerecordings.ee\/\" \/>\n<meta property=\"article:modified_time\" content=\"2023-11-22T12:36:34+00:00\" \/>\n<meta name=\"twitter:card\" content=\"summary_large_image\" \/>\n<meta name=\"twitter:label1\" content=\"Est. reading time\" \/>\n\t<meta name=\"twitter:data1\" content=\"1 minute\" \/>\n<script type=\"application\/ld+json\" class=\"yoast-schema-graph\">{\"@context\":\"https:\/\/schema.org\",\"@graph\":[{\"@type\":\"WebPage\",\"@id\":\"https:\/\/dropzonerecordings.ee\/privaatsuspoliitika\/\",\"url\":\"https:\/\/dropzonerecordings.ee\/privaatsuspoliitika\/\",\"name\":\"Privaatsuspoliitika - DropZone Recordings\",\"isPartOf\":{\"@id\":\"https:\/\/dropzonerecordings.ee\/#website\"},\"datePublished\":\"2023-10-11T09:19:41+00:00\",\"dateModified\":\"2023-11-22T12:36:34+00:00\",\"breadcrumb\":{\"@id\":\"https:\/\/dropzonerecordings.ee\/privaatsuspoliitika\/#breadcrumb\"},\"inLanguage\":\"en-US\",\"potentialAction\":[{\"@type\":\"ReadAction\",\"target\":[\"https:\/\/dropzonerecordings.ee\/privaatsuspoliitika\/\"]}]},{\"@type\":\"BreadcrumbList\",\"@id\":\"https:\/\/dropzonerecordings.ee\/privaatsuspoliitika\/#breadcrumb\",\"itemListElement\":[{\"@type\":\"ListItem\",\"position\":1,\"name\":\"Home\",\"item\":\"https:\/\/dropzonerecordings.ee\/en\/\"},{\"@type\":\"ListItem\",\"position\":2,\"name\":\"Privaatsuspoliitika\"}]},{\"@type\":\"WebSite\",\"@id\":\"https:\/\/dropzonerecordings.ee\/#website\",\"url\":\"https:\/\/dropzonerecordings.ee\/\",\"name\":\"DropZone Recordings\",\"description\":\"From underground raves to massive festivals, we&#039;ve got our finger on the pulse of the DnB scene\",\"publisher\":{\"@id\":\"https:\/\/dropzonerecordings.ee\/#organization\"},\"potentialAction\":[{\"@type\":\"SearchAction\",\"target\":{\"@type\":\"EntryPoint\",\"urlTemplate\":\"https:\/\/dropzonerecordings.ee\/?s={search_term_string}\"},\"query-input\":{\"@type\":\"PropertyValueSpecification\",\"valueRequired\":true,\"valueName\":\"search_term_string\"}}],\"inLanguage\":\"en-US\"},{\"@type\":\"Organization\",\"@id\":\"https:\/\/dropzonerecordings.ee\/#organization\",\"name\":\"DropZone Recordings\",\"url\":\"https:\/\/dropzonerecordings.ee\/\",\"logo\":{\"@type\":\"ImageObject\",\"inLanguage\":\"en-US\",\"@id\":\"https:\/\/dropzonerecordings.ee\/#\/schema\/logo\/image\/\",\"url\":\"https:\/\/dropzonerecordings.ee\/wp-content\/uploads\/2023\/10\/Dropzone-logo-alt.png\",\"contentUrl\":\"https:\/\/dropzonerecordings.ee\/wp-content\/uploads\/2023\/10\/Dropzone-logo-alt.png\",\"width\":522,\"height\":237,\"caption\":\"DropZone Recordings\"},\"image\":{\"@id\":\"https:\/\/dropzonerecordings.ee\/#\/schema\/logo\/image\/\"},\"sameAs\":[\"https:\/\/dropzonerecordings.ee\/\"]}]}<\/script>\n<!-- \/ Yoast SEO plugin. -->","yoast_head_json":{"title":"Privaatsuspoliitika - DropZone Recordings","robots":{"index":"noindex","follow":"follow"},"og_locale":"en_US","og_type":"article","og_title":"Privaatsuspoliitika - DropZone Recordings","og_description":"Privaatsuspoliitika &#8211; Dropzone Recordings Teie Privaatsus on Meie Esmatasandiline Mure Me hoolitseme teie privaatsuse eest ja kogume ja t\u00f6\u00f6tleme isiklikke andmeid ainult vastavalt meie privaatsuspoliitikale. Millist Teavet Me Kogume? Me [&hellip;]","og_url":"https:\/\/dropzonerecordings.ee\/privaatsuspoliitika\/","og_site_name":"DropZone Recordings","article_publisher":"https:\/\/dropzonerecordings.ee\/","article_modified_time":"2023-11-22T12:36:34+00:00","twitter_card":"summary_large_image","twitter_misc":{"Est. reading time":"1 minute"},"schema":{"@context":"https:\/\/schema.org","@graph":[{"@type":"WebPage","@id":"https:\/\/dropzonerecordings.ee\/privaatsuspoliitika\/","url":"https:\/\/dropzonerecordings.ee\/privaatsuspoliitika\/","name":"Privaatsuspoliitika - DropZone Recordings","isPartOf":{"@id":"https:\/\/dropzonerecordings.ee\/#website"},"datePublished":"2023-10-11T09:19:41+00:00","dateModified":"2023-11-22T12:36:34+00:00","breadcrumb":{"@id":"https:\/\/dropzonerecordings.ee\/privaatsuspoliitika\/#breadcrumb"},"inLanguage":"en-US","potentialAction":[{"@type":"ReadAction","target":["https:\/\/dropzonerecordings.ee\/privaatsuspoliitika\/"]}]},{"@type":"BreadcrumbList","@id":"https:\/\/dropzonerecordings.ee\/privaatsuspoliitika\/#breadcrumb","itemListElement":[{"@type":"ListItem","position":1,"name":"Home","item":"https:\/\/dropzonerecordings.ee\/en\/"},{"@type":"ListItem","position":2,"name":"Privaatsuspoliitika"}]},{"@type":"WebSite","@id":"https:\/\/dropzonerecordings.ee\/#website","url":"https:\/\/dropzonerecordings.ee\/","name":"DropZone Recordings","description":"From underground raves to massive festivals, we&#039;ve got our finger on the pulse of the DnB scene","publisher":{"@id":"https:\/\/dropzonerecordings.ee\/#organization"},"potentialAction":[{"@type":"SearchAction","target":{"@type":"EntryPoint","urlTemplate":"https:\/\/dropzonerecordings.ee\/?s={search_term_string}"},"query-input":{"@type":"PropertyValueSpecification","valueRequired":true,"valueName":"search_term_string"}}],"inLanguage":"en-US"},{"@type":"Organization","@id":"https:\/\/dropzonerecordings.ee\/#organization","name":"DropZone Recordings","url":"https:\/\/dropzonerecordings.ee\/","logo":{"@type":"ImageObject","inLanguage":"en-US","@id":"https:\/\/dropzonerecordings.ee\/#\/schema\/logo\/image\/","url":"https:\/\/dropzonerecordings.ee\/wp-content\/uploads\/2023\/10\/Dropzone-logo-alt.png","contentUrl":"https:\/\/dropzonerecordings.ee\/wp-content\/uploads\/2023\/10\/Dropzone-logo-alt.png","width":522,"height":237,"caption":"DropZone Recordings"},"image":{"@id":"https:\/\/dropzonerecordings.ee\/#\/schema\/logo\/image\/"},"sameAs":["https:\/\/dropzonerecordings.ee\/"]}]}},"_links":{"self":[{"href":"https:\/\/dropzonerecordings.ee\/en\/wp-json\/wp\/v2\/pages\/3500","targetHints":{"allow":["GET"]}}],"collection":[{"href":"https:\/\/dropzonerecordings.ee\/en\/wp-json\/wp\/v2\/pages"}],"about":[{"href":"https:\/\/dropzonerecordings.ee\/en\/wp-json\/wp\/v2\/types\/page"}],"author":[{"embeddable":true,"href":"https:\/\/dropzonerecordings.ee\/en\/wp-json\/wp\/v2\/users\/1"}],"replies":[{"embeddable":true,"href":"https:\/\/dropzonerecordings.ee\/en\/wp-json\/wp\/v2\/comments?post=3500"}],"version-history":[{"count":0,"href":"https:\/\/dropzonerecordings.ee\/en\/wp-json\/wp\/v2\/pages\/3500\/revisions"}],"wp:attachment":[{"href":"https:\/\/dropzonerecordings.ee\/en\/wp-json\/wp\/v2\/media?parent=3500"}],"curies":[{"name":"wp","href":"https:\/\/api.w.org\/{rel}","templated":true}]}}