{"id":3497,"date":"2023-10-11T09:16:25","date_gmt":"2023-10-11T09:16:25","guid":{"rendered":"https:\/\/dropzone.alfabeet.ee\/?page_id=3497"},"modified":"2023-11-22T12:38:00","modified_gmt":"2023-11-22T12:38:00","slug":"kupsisepoliitika","status":"publish","type":"page","link":"https:\/\/dropzonerecordings.ee\/en\/kupsisepoliitika\/","title":{"rendered":"K\u00fcpsisepoliitika"},"content":{"rendered":"<header>\n<h1 class=\"sub-page-title\">K\u00fcpsisepoliitika &#8211; Dropzone Recordings<\/h1>\n<\/header>\n<div class=\"sub-page-body\">\n<h2>Mis on k\u00fcpsised?<\/h2>\n<p>K\u00fcpsised on v\u00e4ikesed tekstifailid, mis salvestatakse teie seadmesse, kui k\u00fclastate meie veebilehte. Need aitavad meil teid \u00e4ra tunda ja pakkuda teile paremat kogemust.<\/p>\n<h2>Miks me kasutame k\u00fcpsiseid?<\/h2>\n<p>Me kasutame k\u00fcpsiseid selleks, et anal\u00fc\u00fcsida k\u00fclastuste ja liikluse allikaid meie veebilehel. See aitab meil paremini m\u00f5ista, kuidas k\u00fclastajad meie lehte kasutavad ja kuidas meie veebilehte parandada. Samuti v\u00f5ime kasutada k\u00fcpsiseid isikup\u00e4rastatud reklaamide kuvamiseks.<\/p>\n<h2>Kasutatavad k\u00fcpsised<\/h2>\n<p>Me kasutame erinevat t\u00fc\u00fcpi k\u00fcpsiseid, sealhulgas:<\/p>\n<ul>\n<li>Olulised k\u00fcpsised: Need on vajalikud meie veebilehe toimimiseks. Ilma nendeta ei saa meie leht korralikult t\u00f6\u00f6tada.<\/li>\n<li>Anal\u00fc\u00fctilised k\u00fcpsised: Need aitavad meil j\u00e4lgida ja anal\u00fc\u00fcsida, kuidas k\u00fclastajad meie veebilehte kasutavad.<\/li>\n<li>Reklaamik\u00fcpsised: Need v\u00f5imaldavad meil kuvada teile isikup\u00e4rastatud reklaame.<\/li>\n<\/ul>\n<h2>Kuidas k\u00fcpsiseid hallata?<\/h2>\n<p>Te v\u00f5ite oma veebibrauseris k\u00fcpsised keelata v\u00f5i kustutada vastavalt oma eelistustele. Palun m\u00e4rkige, et k\u00fcpsiste keelamine v\u00f5ib m\u00f5jutada meie veebilehe m\u00f5ningaid funktsioone.<\/p>\n<h2>Privaatsus<\/h2>\n<p>Meie k\u00fcpsisepoliitika t\u00e4iendab meie privaatsuspoliitikat. Lisateabe saamiseks privaatsuse ja andmete t\u00f6\u00f6tlemise kohta, palun lugege meie <a href=\"\/privaatsuspoliitika\">Privaatsuspoliitikat<\/a>.<\/p>\n<h2>E-pood<\/h2>\n<p>Kui k\u00fclastate meie e-poodi, kehtivad lisaks sellele k\u00fcpsisepoliitikale ka meie e-poe kasutustingimused. Palun lugege neid tingimusi hoolikalt, et m\u00f5ista, kuidas meie e-poodi kasutatakse.<\/p>\n<\/div>\n","protected":false},"excerpt":{"rendered":"<p>K\u00fcpsisepoliitika &#8211; Dropzone Recordings Mis on k\u00fcpsised? K\u00fcpsised on v\u00e4ikesed tekstifailid, mis salvestatakse teie seadmesse, kui k\u00fclastate meie veebilehte. Need aitavad meil teid \u00e4ra tunda ja pakkuda teile paremat kogemust. [&hellip;]<\/p>\n","protected":false},"author":1,"featured_media":0,"parent":0,"menu_order":0,"comment_status":"closed","ping_status":"closed","template":"","meta":{"inline_featured_image":false,"footnotes":""},"class_list":["post-3497","page","type-page","status-publish","hentry"],"yoast_head":"<!-- This site is optimized with the Yoast SEO plugin v26.2 - https:\/\/yoast.com\/wordpress\/plugins\/seo\/ -->\n<title>K\u00fcpsisepoliitika - DropZone Recordings<\/title>\n<meta name=\"robots\" content=\"noindex, follow\" \/>\n<meta property=\"og:locale\" content=\"en_US\" \/>\n<meta property=\"og:type\" content=\"article\" \/>\n<meta property=\"og:title\" content=\"K\u00fcpsisepoliitika - DropZone Recordings\" \/>\n<meta property=\"og:description\" content=\"K\u00fcpsisepoliitika &#8211; Dropzone Recordings Mis on k\u00fcpsised? K\u00fcpsised on v\u00e4ikesed tekstifailid, mis salvestatakse teie seadmesse, kui k\u00fclastate meie veebilehte. Need aitavad meil teid \u00e4ra tunda ja pakkuda teile paremat kogemust. [&hellip;]\" \/>\n<meta property=\"og:url\" content=\"https:\/\/dropzonerecordings.ee\/kupsisepoliitika\/\" \/>\n<meta property=\"og:site_name\" content=\"DropZone Recordings\" \/>\n<meta property=\"article:publisher\" content=\"https:\/\/dropzonerecordings.ee\/\" \/>\n<meta property=\"article:modified_time\" content=\"2023-11-22T12:38:00+00:00\" \/>\n<meta name=\"twitter:card\" content=\"summary_large_image\" \/>\n<meta name=\"twitter:label1\" content=\"Est. reading time\" \/>\n\t<meta name=\"twitter:data1\" content=\"1 minute\" \/>\n<script type=\"application\/ld+json\" class=\"yoast-schema-graph\">{\"@context\":\"https:\/\/schema.org\",\"@graph\":[{\"@type\":\"WebPage\",\"@id\":\"https:\/\/dropzonerecordings.ee\/kupsisepoliitika\/\",\"url\":\"https:\/\/dropzonerecordings.ee\/kupsisepoliitika\/\",\"name\":\"K\u00fcpsisepoliitika - DropZone Recordings\",\"isPartOf\":{\"@id\":\"https:\/\/dropzonerecordings.ee\/#website\"},\"datePublished\":\"2023-10-11T09:16:25+00:00\",\"dateModified\":\"2023-11-22T12:38:00+00:00\",\"breadcrumb\":{\"@id\":\"https:\/\/dropzonerecordings.ee\/kupsisepoliitika\/#breadcrumb\"},\"inLanguage\":\"en-US\",\"potentialAction\":[{\"@type\":\"ReadAction\",\"target\":[\"https:\/\/dropzonerecordings.ee\/kupsisepoliitika\/\"]}]},{\"@type\":\"BreadcrumbList\",\"@id\":\"https:\/\/dropzonerecordings.ee\/kupsisepoliitika\/#breadcrumb\",\"itemListElement\":[{\"@type\":\"ListItem\",\"position\":1,\"name\":\"Home\",\"item\":\"https:\/\/dropzonerecordings.ee\/en\/\"},{\"@type\":\"ListItem\",\"position\":2,\"name\":\"K\u00fcpsisepoliitika\"}]},{\"@type\":\"WebSite\",\"@id\":\"https:\/\/dropzonerecordings.ee\/#website\",\"url\":\"https:\/\/dropzonerecordings.ee\/\",\"name\":\"DropZone Recordings\",\"description\":\"From underground raves to massive festivals, we&#039;ve got our finger on the pulse of the DnB scene\",\"publisher\":{\"@id\":\"https:\/\/dropzonerecordings.ee\/#organization\"},\"potentialAction\":[{\"@type\":\"SearchAction\",\"target\":{\"@type\":\"EntryPoint\",\"urlTemplate\":\"https:\/\/dropzonerecordings.ee\/?s={search_term_string}\"},\"query-input\":{\"@type\":\"PropertyValueSpecification\",\"valueRequired\":true,\"valueName\":\"search_term_string\"}}],\"inLanguage\":\"en-US\"},{\"@type\":\"Organization\",\"@id\":\"https:\/\/dropzonerecordings.ee\/#organization\",\"name\":\"DropZone Recordings\",\"url\":\"https:\/\/dropzonerecordings.ee\/\",\"logo\":{\"@type\":\"ImageObject\",\"inLanguage\":\"en-US\",\"@id\":\"https:\/\/dropzonerecordings.ee\/#\/schema\/logo\/image\/\",\"url\":\"https:\/\/dropzonerecordings.ee\/wp-content\/uploads\/2023\/10\/Dropzone-logo-alt.png\",\"contentUrl\":\"https:\/\/dropzonerecordings.ee\/wp-content\/uploads\/2023\/10\/Dropzone-logo-alt.png\",\"width\":522,\"height\":237,\"caption\":\"DropZone Recordings\"},\"image\":{\"@id\":\"https:\/\/dropzonerecordings.ee\/#\/schema\/logo\/image\/\"},\"sameAs\":[\"https:\/\/dropzonerecordings.ee\/\"]}]}<\/script>\n<!-- \/ Yoast SEO plugin. -->","yoast_head_json":{"title":"K\u00fcpsisepoliitika - DropZone Recordings","robots":{"index":"noindex","follow":"follow"},"og_locale":"en_US","og_type":"article","og_title":"K\u00fcpsisepoliitika - DropZone Recordings","og_description":"K\u00fcpsisepoliitika &#8211; Dropzone Recordings Mis on k\u00fcpsised? K\u00fcpsised on v\u00e4ikesed tekstifailid, mis salvestatakse teie seadmesse, kui k\u00fclastate meie veebilehte. Need aitavad meil teid \u00e4ra tunda ja pakkuda teile paremat kogemust. [&hellip;]","og_url":"https:\/\/dropzonerecordings.ee\/kupsisepoliitika\/","og_site_name":"DropZone Recordings","article_publisher":"https:\/\/dropzonerecordings.ee\/","article_modified_time":"2023-11-22T12:38:00+00:00","twitter_card":"summary_large_image","twitter_misc":{"Est. reading time":"1 minute"},"schema":{"@context":"https:\/\/schema.org","@graph":[{"@type":"WebPage","@id":"https:\/\/dropzonerecordings.ee\/kupsisepoliitika\/","url":"https:\/\/dropzonerecordings.ee\/kupsisepoliitika\/","name":"K\u00fcpsisepoliitika - DropZone Recordings","isPartOf":{"@id":"https:\/\/dropzonerecordings.ee\/#website"},"datePublished":"2023-10-11T09:16:25+00:00","dateModified":"2023-11-22T12:38:00+00:00","breadcrumb":{"@id":"https:\/\/dropzonerecordings.ee\/kupsisepoliitika\/#breadcrumb"},"inLanguage":"en-US","potentialAction":[{"@type":"ReadAction","target":["https:\/\/dropzonerecordings.ee\/kupsisepoliitika\/"]}]},{"@type":"BreadcrumbList","@id":"https:\/\/dropzonerecordings.ee\/kupsisepoliitika\/#breadcrumb","itemListElement":[{"@type":"ListItem","position":1,"name":"Home","item":"https:\/\/dropzonerecordings.ee\/en\/"},{"@type":"ListItem","position":2,"name":"K\u00fcpsisepoliitika"}]},{"@type":"WebSite","@id":"https:\/\/dropzonerecordings.ee\/#website","url":"https:\/\/dropzonerecordings.ee\/","name":"DropZone Recordings","description":"From underground raves to massive festivals, we&#039;ve got our finger on the pulse of the DnB scene","publisher":{"@id":"https:\/\/dropzonerecordings.ee\/#organization"},"potentialAction":[{"@type":"SearchAction","target":{"@type":"EntryPoint","urlTemplate":"https:\/\/dropzonerecordings.ee\/?s={search_term_string}"},"query-input":{"@type":"PropertyValueSpecification","valueRequired":true,"valueName":"search_term_string"}}],"inLanguage":"en-US"},{"@type":"Organization","@id":"https:\/\/dropzonerecordings.ee\/#organization","name":"DropZone Recordings","url":"https:\/\/dropzonerecordings.ee\/","logo":{"@type":"ImageObject","inLanguage":"en-US","@id":"https:\/\/dropzonerecordings.ee\/#\/schema\/logo\/image\/","url":"https:\/\/dropzonerecordings.ee\/wp-content\/uploads\/2023\/10\/Dropzone-logo-alt.png","contentUrl":"https:\/\/dropzonerecordings.ee\/wp-content\/uploads\/2023\/10\/Dropzone-logo-alt.png","width":522,"height":237,"caption":"DropZone Recordings"},"image":{"@id":"https:\/\/dropzonerecordings.ee\/#\/schema\/logo\/image\/"},"sameAs":["https:\/\/dropzonerecordings.ee\/"]}]}},"_links":{"self":[{"href":"https:\/\/dropzonerecordings.ee\/en\/wp-json\/wp\/v2\/pages\/3497","targetHints":{"allow":["GET"]}}],"collection":[{"href":"https:\/\/dropzonerecordings.ee\/en\/wp-json\/wp\/v2\/pages"}],"about":[{"href":"https:\/\/dropzonerecordings.ee\/en\/wp-json\/wp\/v2\/types\/page"}],"author":[{"embeddable":true,"href":"https:\/\/dropzonerecordings.ee\/en\/wp-json\/wp\/v2\/users\/1"}],"replies":[{"embeddable":true,"href":"https:\/\/dropzonerecordings.ee\/en\/wp-json\/wp\/v2\/comments?post=3497"}],"version-history":[{"count":0,"href":"https:\/\/dropzonerecordings.ee\/en\/wp-json\/wp\/v2\/pages\/3497\/revisions"}],"wp:attachment":[{"href":"https:\/\/dropzonerecordings.ee\/en\/wp-json\/wp\/v2\/media?parent=3497"}],"curies":[{"name":"wp","href":"https:\/\/api.w.org\/{rel}","templated":true}]}}